{"id":73,"date":"2022-05-30T13:33:15","date_gmt":"2022-05-30T13:33:15","guid":{"rendered":"http:\/\/katja-ludwig-coaching.de\/?page_id=73"},"modified":"2022-06-15T19:56:10","modified_gmt":"2022-06-15T18:56:10","slug":"ressourcen","status":"publish","type":"page","link":"https:\/\/katja-ludwig-coaching.de\/?page_id=73","title":{"rendered":"Ressourcen"},"content":{"rendered":"<p>[et_pb_section fb_built=\u201c1\u201d custom_padding_last_edited=\u201con|desktop\u201d admin_label=\u201cHeader\u201d _builder_version=\u201c4.16\u201d _module_preset=\u201cdefault\u201d background_image=\u201chttps:\/\/katja-ludwig-coaching.de\/wp-content\/uploads\/2022\/05\/psychologist-10.jpg\u201d parallax=\u201con\u201d custom_margin=\u201c40px|40px||40px|false|true\u201d custom_margin_tablet=\u201d\u201d custom_margin_phone=\u201c20px|20px||20px|false|true\u201d custom_margin_last_edited=\u201con|desktop\u201d custom_padding=\u201c100px|0px|0px|||\u201d custom_padding_tablet=\u201c40px||||false|false\u201d custom_padding_phone=\u201d\u201d border_radii_phone=\u201con|20px|20px|20px|20px\u201d border_radii_last_edited=\u201coff|desktop\u201d locked=\u201coff\u201d global_colors_info=\u201d{}\u201d][et_pb_row custom_padding_last_edited=\u201con|tablet\u201d _builder_version=\u201c4.16\u201d _module_preset=\u201cdefault\u201d background_enable_color=\u201coff\u201d background_image=\u201chttps:\/\/katja-ludwig-coaching.de\/wp-content\/uploads\/2022\/05\/psychologist-11.jpg\u201d parallax=\u201con\u201d transform_scale_tablet=\u201d\u201d transform_scale_phone=\u201d\u201d transform_scale_last_edited=\u201con|desktop\u201d transform_translate=\u201c30px|0px\u201d transform_translate_tablet=\u201c0px|0px\u201d transform_translate_phone=\u201d\u201d transform_translate_last_edited=\u201con|tablet\u201d transform_translate_linked=\u201coff\u201d transform_rotate_tablet=\u201d\u201d transform_rotate_phone=\u201d\u201d transform_rotate_last_edited=\u201con|desktop\u201d transform_skew_tablet=\u201d\u201d transform_skew_phone=\u201d\u201d transform_skew_last_edited=\u201con|desktop\u201d transform_origin_tablet=\u201d\u201d transform_origin_phone=\u201d\u201d transform_origin_last_edited=\u201con|desktop\u201d transform_styles_last_edited=\u201con|tablet\u201d width_tablet=\u201c90%\u201d width_phone=\u201d\u201d width_last_edited=\u201con|desktop\u201d max_width=\u201c1200px\u201d custom_padding=\u201c80px|60px|80px|60px|true|true\u201d custom_padding_tablet=\u201c60px||60px||true|true\u201d custom_padding_phone=\u201c40px|20px|40px|20px|true|true\u201d transform_styles_tablet=\u201d\u201d transform_styles_phone=\u201d\u201d border_radii_phone=\u201coff|8px|8px||\u201d border_radii_last_edited=\u201coff|desktop\u201d box_shadow_style=\u201cpreset3\u201d box_shadow_vertical=\u201c40px\u201d box_shadow_blur=\u201c110px\u201d box_shadow_spread=\u201c0px\u201d box_shadow_color=\u201crgba(9,6,38,0.62)\u201d global_colors_info=\u201d{}\u201d][et_pb_column type=\u201c4_4\u201d _builder_version=\u201c4.16\u201d _module_preset=\u201cdefault\u201d global_colors_info=\u201d{}\u201d][et_pb_text _builder_version=\u201c4.16\u201d _module_preset=\u201cdefault\u201d text_font_size=\u201c17px\u201d text_line_height=\u201c1.6em\u201d header_font=\u201cTaviraj||||||||\u201d header_font_size=\u201c60px\u201d header_line_height=\u201c1.2em\u201d max_width_last_edited=\u201coff|desktop\u201d text_font_size_tablet=\u201c18px\u201d text_font_size_phone=\u201c16px\u201d text_font_size_last_edited=\u201con|tablet\u201d header_font_size_tablet=\u201c40px\u201d header_font_size_phone=\u201c30px\u201d header_font_size_last_edited=\u201con|desktop\u201d locked=\u201coff\u201d global_colors_info=\u201d{}\u201d]<\/p>\n<h1>Ressourcen<\/h1>\n<p>[\/et_pb_text][\/et_pb_column][\/et_pb_row][\/et_pb_section][et_pb_section fb_built=\u201c1\u201d admin_label=\u201cLinks\u201d _builder_version=\u201c4.16\u201d _module_preset=\u201cdefault\u201d background_color=\u201crgba(0,0,0,0)\u201d z_index=\u201c1\u201d custom_margin=\u201d|40px||40px|false|true\u201d custom_margin_tablet=\u201d\u201d custom_margin_phone=\u201d|20px||20px|false|true\u201d custom_margin_last_edited=\u201con|tablet\u201d custom_padding=\u201c0px||0px||false|false\u201d global_colors_info=\u201d{}\u201d][et_pb_row custom_padding_last_edited=\u201con|desktop\u201d _builder_version=\u201c4.16\u201d _module_preset=\u201cdefault\u201d background_color=\u201d#ffffff\u201d z_index=\u201c0\u201d width_tablet=\u201c90%\u201d width_phone=\u201c90%\u201d width_last_edited=\u201con|desktop\u201d max_width=\u201c1200px\u201d overflow\u2011x=\u201cvisible\u201d overflow\u2011y=\u201cvisible\u201d custom_margin=\u201d-30px|auto||auto|false|false\u201d custom_padding=\u201c50px|60px|50px|90px|true|false\u201d custom_padding_tablet=\u201d|||60px|false|false\u201d custom_padding_phone=\u201d|20px||20px|false|true\u201d box_shadow_style=\u201cpreset3\u201d box_shadow_vertical=\u201c40px\u201d box_shadow_blur=\u201c110px\u201d box_shadow_spread=\u201c0px\u201d box_shadow_color=\u201crgba(131,146,167,0.5)\u201d global_colors_info=\u201d{}\u201d width__hover_enabled=\u201coff\u201d][et_pb_column type=\u201c4_4\u201d _builder_version=\u201c4.16\u201d _module_preset=\u201cdefault\u201d global_colors_info=\u201d{}\u201d][et_pb_text _builder_version=\u201c4.17.4\u201d _module_preset=\u201cdefault\u201d text_font_size=\u201c17px\u201d text_line_height=\u201c1.8em\u201d header_2_font=\u201cTaviraj||||||||\u201d header_2_font_size=\u201c46px\u201d header_2_line_height=\u201c1.2em\u201d custom_padding=\u201d||||false|false\u201d custom_padding_tablet=\u201d|30px||50px|true|false\u201d custom_padding_phone=\u201d|30px|||true|false\u201d custom_padding_last_edited=\u201coff|tablet\u201d hover_enabled=\u201c0\u201d text_font_size_tablet=\u201d\u201d text_font_size_phone=\u201c15px\u201d text_font_size_last_edited=\u201con|desktop\u201d header_2_font_size_tablet=\u201c40px\u201d header_2_font_size_phone=\u201c30px\u201d header_2_font_size_last_edited=\u201con|phone\u201d locked=\u201coff\u201d global_colors_info=\u201d{}\u201d sticky_enabled=\u201c0\u201d]<\/p>\n<p>Die M\u00f6g\u00adlich\u00adkeit sich selbst wei\u00adter\u00adzu\u00adent\u00adwi\u00adckeln, m\u00f6ch\u00adte ich Ihnen auch mit mei\u00adnen Vor\u00adtr\u00e4\u00adgen, Bei\u00adtr\u00e4\u00adgen und Buch\u00ademp\u00adfeh\u00adlun\u00adgen&nbsp;geben.<\/p>\n<p>[\/et_pb_text][\/et_pb_column][\/et_pb_row][et_pb_row column_structure=\u201c1_3,1_3,1_3\u201d custom_padding_last_edited=\u201con|phone\u201d _builder_version=\u201c4.16\u201d _module_preset=\u201cdefault\u201d background_color=\u201d#ffffff\u201d width_tablet=\u201c90%\u201d width_phone=\u201c90%\u201d width_last_edited=\u201con|phone\u201d max_width=\u201c1200px\u201d custom_padding=\u201d|60px|60px|90px|false|false\u201d custom_padding_tablet=\u201d|||60px|false|false\u201d custom_padding_phone=\u201d|20px|20px|20px|false|true\u201d box_shadow_style=\u201cpreset3\u201d box_shadow_vertical=\u201c80px\u201d box_shadow_blur=\u201c110px\u201d box_shadow_spread=\u201d-40px\u201d box_shadow_color=\u201crgba(131,146,167,0.5)\u201d locked=\u201coff\u201d global_colors_info=\u201d{}\u201d][et_pb_column type=\u201c1_3\u201d _builder_version=\u201c4.16\u201d _module_preset=\u201cdefault\u201d background_color=\u201crgba(0,0,0,0.03)\u201d custom_padding=\u201c30px|30px|30px|30px|true|true\u201d global_colors_info=\u201d{}\u201d][et_pb_text _builder_version=\u201c4.17.4\u201d _module_preset=\u201cdefault\u201d text_font_size=\u201c16px\u201d text_line_height=\u201c1.4em\u201d link_font=\u201d|600|||on||||\u201d link_text_color=\u201c#946ef4\u201d header_2_font=\u201cTaviraj||||||||\u201d header_2_font_size=\u201c46px\u201d header_2_line_height=\u201c1.2em\u201d header_3_font=\u201cTaviraj|600|||||||\u201d header_3_font_size=\u201c20px\u201d header_3_line_height=\u201c1.2em\u201d custom_padding=\u201d||||false|false\u201d custom_padding_tablet=\u201d|30px||50px|true|false\u201d custom_padding_phone=\u201d|30px|||true|false\u201d custom_padding_last_edited=\u201coff|tablet\u201d text_font_size_tablet=\u201d\u201d text_font_size_phone=\u201c15px\u201d text_font_size_last_edited=\u201con|desktop\u201d header_2_font_size_tablet=\u201c40px\u201d header_2_font_size_phone=\u201c30px\u201d header_2_font_size_last_edited=\u201con|phone\u201d header_3_font_size_tablet=\u201d\u201d header_3_font_size_phone=\u201c18px\u201d header_3_font_size_last_edited=\u201con|phone\u201d locked=\u201coff\u201d global_colors_info=\u201d{}\u201d]<\/p>\n<h3>Vortr\u00e4ge<\/h3>\n<p>St\u00f6\u00adbern Sie in mei\u00adnen gehal\u00adte\u00adnen Vor\u00adtr\u00e4\u00adgen und infor\u00admie\u00adren Sie sich \u00fcber mei\u00adne zuk\u00fcnf\u00adti\u00adgen Ver\u00adan\u00adstal\u00adtun\u00adgen und Vortr\u00e4ge.<\/p>\n<p>[\/et_pb_text][et_pb_button button_url=\u201chttps:\/\/katja-ludwig-coaching.de\/vortrage\/\u201d button_text=\u201cErfahren Sie mehr\u201d button_alignment=\u201cleft\u201d button_alignment_tablet=\u201cleft\u201d button_alignment_last_edited=\u201coff|tablet\u201d _builder_version=\u201c4.17.4\u201d _module_preset=\u201cdefault\u201d custom_button=\u201con\u201d button_text_size=\u201c16px\u201d button_text_color=\u201c#8857f2\u201d button_bg_color=\u201d#ffffff\u201d button_bg_color_gradient_direction=\u201c172deg\u201d button_border_width=\u201c0px\u201d button_border_color=\u201crgba(0,0,0,0)\u201d button_border_radius=\u201c0px\u201d button_font=\u201cHind|600|||||||\u201d custom_margin=\u201c20px||||false|false\u201d custom_margin_tablet=\u201d|||50px|false|false\u201d custom_margin_last_edited=\u201coff|tablet\u201d custom_padding=\u201c13px||10px||false|true\u201d global_colors_info=\u201d{}\u201d button_bg_color__hover_enabled=\u201coff\u201d][\/et_pb_button][\/et_pb_column][et_pb_column type=\u201c1_3\u201d _builder_version=\u201c4.16\u201d _module_preset=\u201cdefault\u201d background_color=\u201crgba(0,0,0,0.03)\u201d custom_padding=\u201c30px|30px|30px|30px|true|true\u201d global_colors_info=\u201d{}\u201d][et_pb_text _builder_version=\u201c4.17.4\u201d _module_preset=\u201cdefault\u201d text_font_size=\u201c16px\u201d text_line_height=\u201c1.4em\u201d link_font=\u201d|600|||on||||\u201d link_text_color=\u201c#946ef4\u201d header_2_font=\u201cTaviraj||||||||\u201d header_2_font_size=\u201c46px\u201d header_2_line_height=\u201c1.2em\u201d header_3_font=\u201cTaviraj|600|||||||\u201d header_3_font_size=\u201c20px\u201d header_3_line_height=\u201c1.2em\u201d custom_padding=\u201d||||false|false\u201d custom_padding_tablet=\u201d|30px||50px|true|false\u201d custom_padding_phone=\u201d|30px|||true|false\u201d custom_padding_last_edited=\u201coff|tablet\u201d text_font_size_tablet=\u201d\u201d text_font_size_phone=\u201c15px\u201d text_font_size_last_edited=\u201con|desktop\u201d header_2_font_size_tablet=\u201c40px\u201d header_2_font_size_phone=\u201c30px\u201d header_2_font_size_last_edited=\u201con|phone\u201d header_3_font_size_tablet=\u201d\u201d header_3_font_size_phone=\u201c18px\u201d header_3_font_size_last_edited=\u201con|phone\u201d locked=\u201coff\u201d global_colors_info=\u201d{}\u201d]<\/p>\n<h3>Beitr\u00e4ge<\/h3>\n<p>St\u00f6\u00adbern Sie in mei\u00adnen Bei\u00adtr\u00e4\u00adgen, die ich an unter\u00adschied\u00adli\u00adchen Gele\u00adgen\u00adhei\u00adten im Netz geteilt habe.<\/p>\n<p>[\/et_pb_text][et_pb_button button_url=\u201chttps:\/\/katja-ludwig-coaching.de\/beitrage\/\u201d button_text=\u201cErfahren Sie mehr\u201d button_alignment=\u201cleft\u201d button_alignment_tablet=\u201cleft\u201d button_alignment_last_edited=\u201coff|tablet\u201d _builder_version=\u201c4.17.4\u201d _module_preset=\u201cdefault\u201d custom_button=\u201con\u201d button_text_size=\u201c16px\u201d button_text_color=\u201c#8857f2\u201d button_bg_color=\u201d#ffffff\u201d button_bg_color_gradient_direction=\u201c172deg\u201d button_border_width=\u201c0px\u201d button_border_color=\u201crgba(0,0,0,0)\u201d button_border_radius=\u201c0px\u201d button_font=\u201cHind|600|||||||\u201d custom_margin=\u201c20px||||false|false\u201d custom_margin_tablet=\u201d|||50px|false|false\u201d custom_margin_last_edited=\u201coff|tablet\u201d custom_padding=\u201c13px||10px||false|true\u201d global_colors_info=\u201d{}\u201d button_bg_color__hover_enabled=\u201coff\u201d][\/et_pb_button][\/et_pb_column][et_pb_column type=\u201c1_3\u201d _builder_version=\u201c4.16\u201d _module_preset=\u201cdefault\u201d background_color=\u201crgba(0,0,0,0.03)\u201d custom_padding=\u201c30px|30px|30px|30px|true|true\u201d global_colors_info=\u201d{}\u201d][et_pb_text _builder_version=\u201c4.17.4\u201d _module_preset=\u201cdefault\u201d text_font_size=\u201c16px\u201d text_line_height=\u201c1.4em\u201d link_font=\u201d|600|||on||||\u201d link_text_color=\u201c#946ef4\u201d header_2_font=\u201cTaviraj||||||||\u201d header_2_font_size=\u201c46px\u201d header_2_line_height=\u201c1.2em\u201d header_3_font=\u201cTaviraj|600|||||||\u201d header_3_font_size=\u201c20px\u201d header_3_line_height=\u201c1.2em\u201d custom_padding=\u201d||||false|false\u201d custom_padding_tablet=\u201d|30px||50px|true|false\u201d custom_padding_phone=\u201d|30px|||true|false\u201d custom_padding_last_edited=\u201coff|tablet\u201d text_font_size_tablet=\u201d\u201d text_font_size_phone=\u201c15px\u201d text_font_size_last_edited=\u201con|desktop\u201d header_2_font_size_tablet=\u201c40px\u201d header_2_font_size_phone=\u201c30px\u201d header_2_font_size_last_edited=\u201con|phone\u201d header_3_font_size_tablet=\u201d\u201d header_3_font_size_phone=\u201c18px\u201d header_3_font_size_last_edited=\u201con|phone\u201d locked=\u201coff\u201d global_colors_info=\u201d{}\u201d]<\/p>\n<h3>Buchempfehlungen<\/h3>\n<p>St\u00f6\u00adbern Sie in mei\u00adnen Buch\u00ademp\u00adfeh\u00adlun\u00adgen zu den The\u00admen Coa\u00adching sowie Trai\u00adning und Prozessbegleitung.<\/p>\n<p>[\/et_pb_text][et_pb_button button_url=\u201chttps:\/\/katja-ludwig-coaching.de\/buchempfehlungen\/\u201d button_text=\u201cErfahren Sie mehr\u201d button_alignment=\u201cleft\u201d button_alignment_tablet=\u201cleft\u201d button_alignment_last_edited=\u201coff|tablet\u201d _builder_version=\u201c4.17.4\u201d _module_preset=\u201cdefault\u201d custom_button=\u201con\u201d button_text_size=\u201c16px\u201d button_text_color=\u201c#8857f2\u201d button_bg_color=\u201d#ffffff\u201d button_bg_color_gradient_direction=\u201c172deg\u201d button_border_width=\u201c0px\u201d button_border_color=\u201crgba(0,0,0,0)\u201d button_border_radius=\u201c0px\u201d button_font=\u201cHind|600|||||||\u201d custom_margin=\u201c20px||||false|false\u201d custom_margin_tablet=\u201d|||50px|false|false\u201d custom_margin_last_edited=\u201coff|tablet\u201d custom_padding=\u201c13px||10px||false|true\u201d global_colors_info=\u201d{}\u201d button_bg_color__hover_enabled=\u201coff\u201d][\/et_pb_button][\/et_pb_column][\/et_pb_row][\/et_pb_section][et_pb_section fb_built=\u201c1\u201d admin_label=\u201cBlog\u201d _builder_version=\u201c4.16\u201d _module_preset=\u201cdefault\u201d custom_padding=\u201c0px|||||\u201d global_colors_info=\u201d{}\u201d][\/et_pb_section][et_pb_section fb_built=\u201c1\u201d admin_label=\u201cFooter\u201d _builder_version=\u201c4.16\u201d _module_preset=\u201cdefault\u201d background_image=\u201chttps:\/\/katja-ludwig-coaching.de\/wp-content\/uploads\/2022\/05\/psychiatrist_09.jpg\u201d parallax=\u201con\u201d overflow\u2011x=\u201cvisible\u201d overflow\u2011y=\u201cvisible\u201d custom_margin=\u201c100px|40px|40px|40px|false|true\u201d custom_margin_tablet=\u201c0px||||false|false\u201d custom_margin_phone=\u201d|20px||20px|false|true\u201d custom_margin_last_edited=\u201con|phone\u201d locked=\u201coff\u201d global_colors_info=\u201d{}\u201d][et_pb_row column_structure=\u201c3_5,2_5\u201d _builder_version=\u201c4.16\u201d _module_preset=\u201cdefault\u201d width_tablet=\u201d\u201d width_phone=\u201c90%\u201d width_last_edited=\u201con|phone\u201d global_colors_info=\u201d{}\u201d][et_pb_column type=\u201c3_5\u201d _builder_version=\u201c4.16\u201d _module_preset=\u201cdefault\u201d custom_padding=\u201c20px||||false|false\u201d global_colors_info=\u201d{}\u201d][et_pb_text _builder_version=\u201c4.17.4\u201d _module_preset=\u201cdefault\u201d text_font=\u201cTaviraj|300|||||||\u201d text_font_size=\u201c18px\u201d text_line_height=\u201c1.6em\u201d header_2_font=\u201cTaviraj||||||||\u201d header_2_font_size=\u201c46px\u201d header_2_line_height=\u201c1.2em\u201d text_orientation=\u201ccenter\u201d custom_padding=\u201d||||false|false\u201d custom_padding_tablet=\u201d|30px||50px|true|false\u201d custom_padding_phone=\u201d|30px|||true|false\u201d custom_padding_last_edited=\u201coff|tablet\u201d header_2_font_size_tablet=\u201c40px\u201d header_2_font_size_phone=\u201c30px\u201d header_2_font_size_last_edited=\u201con|phone\u201d global_colors_info=\u201d{}\u201d]<\/p>\n<h2>Lassen Sie uns kennenlernen!<\/h2>\n<p>[\/et_pb_text][et_pb_image src=\u201chttps:\/\/katja-ludwig-coaching.de\/wp-content\/uploads\/2022\/06\/Mail-Logo_Grau.png\u201d title_text=\u201cMail-Logo_Grau\u201d url=\u201cmailto:Ludwig.Katja@Mail.gmx\u201d _builder_version=\u201c4.17.4\u201d _module_preset=\u201cdefault\u201d max_width=\u201c25%\u201d module_alignment=\u201ccenter\u201d custom_margin=\u201d||||false|false\u201d custom_padding=\u201c15px||||false|false\u201d global_colors_info=\u201d{}\u201d src__hover_enabled=\u201con|desktop\u201d max_width__hover_enabled=\u201con|hover\u201d custom_padding__hover_enabled=\u201con|hover\u201d max_width__hover=\u201c30%\u201d custom_padding__hover=\u201c12px||||false|false\u201d src__hover=\u201chttps:\/\/katja-ludwig-coaching.de\/wp-content\/uploads\/2022\/06\/Mail-Logo_Grau.png\u201d][\/et_pb_image][\/et_pb_column][et_pb_column type=\u201c2_5\u201d _builder_version=\u201c4.16\u201d _module_preset=\u201cdefault\u201d background_color=\u201crgba(255,255,255,0.3)\u201d background_enable_image=\u201coff\u201d parallax=\u201con\u201d transform_scale_tablet=\u201d\u201d transform_scale_phone=\u201d\u201d transform_scale_last_edited=\u201con|desktop\u201d transform_translate=\u201c0px|-160px\u201d transform_translate_tablet=\u201c0px|0px\u201d transform_translate_phone=\u201d\u201d transform_translate_last_edited=\u201con|phone\u201d transform_translate_linked=\u201coff\u201d transform_rotate_last_edited=\u201coff|desktop\u201d transform_skew_last_edited=\u201coff|desktop\u201d transform_origin_last_edited=\u201coff|desktop\u201d transform_styles_last_edited=\u201con|phone\u201d custom_padding=\u201c150px|50px|50px|50px|false|true\u201d custom_padding_tablet=\u201d\u201d custom_padding_phone=\u201c20px|20px|20px|20px|true|true\u201d custom_padding_last_edited=\u201con|desktop\u201d filter_opacity=\u201c94%\u201d transform_styles_tablet=\u201d\u201d transform_styles_phone=\u201d\u201d box_shadow_style=\u201cpreset3\u201d box_shadow_vertical=\u201c30px\u201d box_shadow_blur=\u201c100px\u201d box_shadow_spread=\u201c40px\u201d box_shadow_color=\u201crgba(102,100,126,0.16)\u201d global_colors_info=\u201d{}\u201d][et_pb_text _builder_version=\u201c4.17.4\u201d _module_preset=\u201cdefault\u201d text_font=\u201cTaviraj|500|||||||\u201d text_text_color=\u201c#000000\u201d text_font_size=\u201c30px\u201d text_line_height=\u201c1.8em\u201d header_3_font=\u201cTaviraj|600|||||||\u201d header_3_text_color=\u201crgba(0,0,0,0.36)\u201d header_3_font_size=\u201c18px\u201d header_3_line_height=\u201c1.2em\u201d custom_margin=\u201d||60px||false|false\u201d custom_margin_tablet=\u201d\u201d custom_margin_phone=\u201d||30px||false|false\u201d custom_margin_last_edited=\u201con|desktop\u201d global_colors_info=\u201d{}\u201d]<\/p>\n<h3>Telefon<\/h3>\n<p>0151 \u2014 548 72&nbsp;977<\/p>\n<p>[\/et_pb_text][et_pb_text _builder_version=\u201c4.17.4\u201d _module_preset=\u201cdefault\u201d text_font=\u201cTaviraj|600|||||||\u201d text_text_color=\u201c#000000\u201d text_font_size=\u201c15px\u201d text_line_height=\u201c1.8em\u201d header_3_font=\u201cTaviraj|600|||||||\u201d header_3_text_color=\u201crgba(0,0,0,0.36)\u201d header_3_font_size=\u201c18px\u201d header_3_line_height=\u201c1.2em\u201d custom_margin=\u201d||60px||false|false\u201d custom_margin_tablet=\u201d\u201d custom_margin_phone=\u201d||30px||false|false\u201d custom_margin_last_edited=\u201con|desktop\u201d link_option_url=\u201cMailto:Ludwig.Katja@Mail.gmx.de\u201d global_colors_info=\u201d{}\u201d]<\/p>\n<h3>E\u2011Mail<\/h3>\n<p>Ludwig.Katja@Mail.gmx<\/p>\n<p>[\/et_pb_text][et_pb_text _builder_version=\u201c4.17.4\u201d _module_preset=\u201cdefault\u201d text_font=\u201cTaviraj|600|||||||\u201d text_text_color=\u201c#000000\u201d text_font_size=\u201c15px\u201d text_line_height=\u201c1em\u201d header_3_font=\u201cTaviraj|600|||||||\u201d header_3_text_color=\u201crgba(0,0,0,0.36)\u201d header_3_font_size=\u201c18px\u201d header_3_line_height=\u201c1.2em\u201d custom_margin=\u201d||60px||false|false\u201d custom_margin_tablet=\u201d\u201d custom_margin_phone=\u201d||30px||false|false\u201d custom_margin_last_edited=\u201con|desktop\u201d global_colors_info=\u201d{}\u201d]<\/p>\n<h3>Adresse<\/h3>\n<p>Emma-Heintz-Stras\u00adse&nbsp;43<\/p>\n<p>07745 Jena<\/p>\n<p>[\/et_pb_text][et_pb_text _builder_version=\u201c4.17.4\u201d _module_preset=\u201cdefault\u201d text_font=\u201cTaviraj|600|||||||\u201d text_text_color=\u201c#000000\u201d text_font_size=\u201c15px\u201d text_line_height=\u201c1.8em\u201d header_3_font=\u201cTaviraj|600|||||||\u201d header_3_text_color=\u201crgba(0,0,0,0.36)\u201d header_3_font_size=\u201c18px\u201d header_3_line_height=\u201c1.2em\u201d custom_margin=\u201d||60px||false|false\u201d custom_margin_tablet=\u201d\u201d custom_margin_phone=\u201d||30px||false|false\u201d custom_margin_last_edited=\u201con|desktop\u201d global_colors_info=\u201d{}\u201d]<\/p>\n<h3>Gesch\u00e4ftszeiten<\/h3>\n<p>Mon \u2014 Fri:&nbsp; 08:00 \u2014 18:00<\/p>\n<p>[\/et_pb_text][\/et_pb_column][\/et_pb_row][\/et_pb_section]<\/p>\n","protected":false},"excerpt":{"rendered":"<p>Res\u00adsour\u00adcen\u00adDie M\u00f6g\u00adlich\u00adkeit sich selbst wei\u00adter\u00adzu\u00adent\u00adwi\u00adckeln, m\u00f6ch\u00adte ich Ihnen auch mit mei\u00adnen Vor\u00adtr\u00e4\u00adgen, Bei\u00adtr\u00e4\u00adgen und Buch\u00ademp\u00adfeh\u00adlun\u00adgen geben.Vortr\u00e4ge St\u00f6\u00adbern Sie in mei\u00adnen gehal\u00adte\u00adnen Vor\u00adtr\u00e4\u00adgen und infor\u00admie\u00adren Sie sich \u00fcber mei\u00adne zuk\u00fcnf\u00adti\u00adgen Ver\u00adan\u00adstal\u00adtun\u00adgen und Vortr\u00e4ge.Beitr\u00e4ge St\u00f6\u00adbern Sie in mei\u00adnen Bei\u00adtr\u00e4\u00adgen, die ich an unter\u00adschied\u00adli\u00adchen Gele\u00adgen\u00adhei\u00adten im Netz geteilt habe.Buchempfehlungen St\u00f6\u00adbern Sie in mei\u00adnen Buch\u00ademp\u00adfeh\u00adlun\u00adgen zu den The\u00admen Coaching&nbsp;[\u2026]<\/p>\n","protected":false},"author":1,"featured_media":0,"parent":0,"menu_order":0,"comment_status":"closed","ping_status":"closed","template":"","meta":{"_et_pb_use_builder":"on","_et_pb_old_content":"","_et_gb_content_width":"","wp_typography_post_enhancements_disabled":false,"footnotes":""},"class_list":["post-73","page","type-page","status-publish","hentry"],"_links":{"self":[{"href":"https:\/\/katja-ludwig-coaching.de\/index.php?rest_route=\/wp\/v2\/pages\/73","targetHints":{"allow":["GET"]}}],"collection":[{"href":"https:\/\/katja-ludwig-coaching.de\/index.php?rest_route=\/wp\/v2\/pages"}],"about":[{"href":"https:\/\/katja-ludwig-coaching.de\/index.php?rest_route=\/wp\/v2\/types\/page"}],"author":[{"embeddable":true,"href":"https:\/\/katja-ludwig-coaching.de\/index.php?rest_route=\/wp\/v2\/users\/1"}],"replies":[{"embeddable":true,"href":"https:\/\/katja-ludwig-coaching.de\/index.php?rest_route=%2Fwp%2Fv2%2Fcomments&post=73"}],"version-history":[{"count":9,"href":"https:\/\/katja-ludwig-coaching.de\/index.php?rest_route=\/wp\/v2\/pages\/73\/revisions"}],"predecessor-version":[{"id":666,"href":"https:\/\/katja-ludwig-coaching.de\/index.php?rest_route=\/wp\/v2\/pages\/73\/revisions\/666"}],"wp:attachment":[{"href":"https:\/\/katja-ludwig-coaching.de\/index.php?rest_route=%2Fwp%2Fv2%2Fmedia&parent=73"}],"curies":[{"name":"wp","href":"https:\/\/api.w.org\/{rel}","templated":true}]}}